{"id":17,"date":"2023-12-26T19:05:26","date_gmt":"2023-12-26T18:05:26","guid":{"rendered":"https:\/\/lavoixdubumuntu.com\/?page_id=17"},"modified":"2024-01-02T21:42:38","modified_gmt":"2024-01-02T20:42:38","slug":"a-propos","status":"publish","type":"page","link":"https:\/\/lavoixdubumuntu.com\/index.php\/a-propos\/","title":{"rendered":"A propos"},"content":{"rendered":"\t\t<div data-elementor-type=\"wp-page\" data-elementor-id=\"17\" class=\"elementor elementor-17\" data-elementor-post-type=\"page\">\n\t\t\t\t<div class=\"elementor-element elementor-element-caed86d e-con-full e-flex e-con e-parent\" data-id=\"caed86d\" data-element_type=\"container\" data-settings=\"{&quot;content_width&quot;:&quot;full&quot;}\" data-core-v316-plus=\"true\">\n\t\t\t\t<div class=\"elementor-element elementor-element-608505d elementor-widget__width-initial elementor-widget elementor-widget-image\" data-id=\"608505d\" data-element_type=\"widget\" data-widget_type=\"image.default\">\n\t\t\t\t<div class=\"elementor-widget-container\">\n\t\t\t<style>\/*! elementor - v3.19.0 - 07-02-2024 *\/\n.elementor-widget-image{text-align:center}.elementor-widget-image a{display:inline-block}.elementor-widget-image a img[src$=\".svg\"]{width:48px}.elementor-widget-image img{vertical-align:middle;display:inline-block}<\/style>\t\t\t\t\t\t\t\t\t\t<img fetchpriority=\"high\" decoding=\"async\" width=\"1000\" height=\"450\" src=\"https:\/\/lavoixdubumuntu.com\/wp-content\/uploads\/2024\/01\/Temple-Kongo-la-voix-du-bumuntu.png\" class=\"attachment-large size-large wp-image-324\" alt=\"\" srcset=\"https:\/\/lavoixdubumuntu.com\/wp-content\/uploads\/2024\/01\/Temple-Kongo-la-voix-du-bumuntu.png 1000w, https:\/\/lavoixdubumuntu.com\/wp-content\/uploads\/2024\/01\/Temple-Kongo-la-voix-du-bumuntu-300x135.png 300w, https:\/\/lavoixdubumuntu.com\/wp-content\/uploads\/2024\/01\/Temple-Kongo-la-voix-du-bumuntu-600x270.png 600w, https:\/\/lavoixdubumuntu.com\/wp-content\/uploads\/2024\/01\/Temple-Kongo-la-voix-du-bumuntu-768x346.png 768w\" sizes=\"(max-width: 1000px) 100vw, 1000px\" \/>\t\t\t\t\t\t\t\t\t\t\t\t\t<\/div>\n\t\t\t\t<\/div>\n\t\t\t\t<\/div>\n\t\t<div class=\"elementor-element elementor-element-1ef49f0 e-flex e-con-boxed e-con e-parent\" data-id=\"1ef49f0\" data-element_type=\"container\" data-settings=\"{&quot;content_width&quot;:&quot;boxed&quot;}\" data-core-v316-plus=\"true\">\n\t\t\t\t\t<div class=\"e-con-inner\">\n\t\t\t\t<div class=\"elementor-element elementor-element-3f38bdc elementor-widget elementor-widget-heading\" data-id=\"3f38bdc\" data-element_type=\"widget\" data-widget_type=\"heading.default\">\n\t\t\t\t<div class=\"elementor-widget-container\">\n\t\t\t<style>\/*! elementor - v3.19.0 - 07-02-2024 *\/\n.elementor-heading-title{padding:0;margin:0;line-height:1}.elementor-widget-heading .elementor-heading-title[class*=elementor-size-]>a{color:inherit;font-size:inherit;line-height:inherit}.elementor-widget-heading .elementor-heading-title.elementor-size-small{font-size:15px}.elementor-widget-heading .elementor-heading-title.elementor-size-medium{font-size:19px}.elementor-widget-heading .elementor-heading-title.elementor-size-large{font-size:29px}.elementor-widget-heading .elementor-heading-title.elementor-size-xl{font-size:39px}.elementor-widget-heading .elementor-heading-title.elementor-size-xxl{font-size:59px}<\/style><h2 class=\"elementor-heading-title elementor-size-default\"> \" La voix du BUMUNTU\"<\/h2>\t\t<\/div>\n\t\t\t\t<\/div>\n\t\t\t\t\t<\/div>\n\t\t\t\t<\/div>\n\t\t<div class=\"elementor-element elementor-element-f7705c6 e-con-full e-flex e-con e-parent\" data-id=\"f7705c6\" data-element_type=\"container\" data-settings=\"{&quot;content_width&quot;:&quot;full&quot;}\" data-core-v316-plus=\"true\">\n\t\t\t\t<div class=\"elementor-element elementor-element-ea8aedc elementor-widget elementor-widget-text-editor\" data-id=\"ea8aedc\" data-element_type=\"widget\" data-widget_type=\"text-editor.default\">\n\t\t\t\t<div class=\"elementor-widget-container\">\n\t\t\t<style>\/*! elementor - v3.19.0 - 07-02-2024 *\/\n.elementor-widget-text-editor.elementor-drop-cap-view-stacked .elementor-drop-cap{background-color:#69727d;color:#fff}.elementor-widget-text-editor.elementor-drop-cap-view-framed .elementor-drop-cap{color:#69727d;border:3px solid;background-color:transparent}.elementor-widget-text-editor:not(.elementor-drop-cap-view-default) .elementor-drop-cap{margin-top:8px}.elementor-widget-text-editor:not(.elementor-drop-cap-view-default) .elementor-drop-cap-letter{width:1em;height:1em}.elementor-widget-text-editor .elementor-drop-cap{float:left;text-align:center;line-height:1;font-size:50px}.elementor-widget-text-editor .elementor-drop-cap-letter{display:inline-block}<\/style>\t\t\t\t<p>Bienvenue sur <a href=\"https:\/\/lavoixdubumuntu.com\/\">&#8220;La Voix du Bumuntu&#8221;<\/a>, une oasis virtuelle o\u00f9 les r\u00e9cits qui nous parviennet de la tradition primordiale Kongo se m\u00ealent aux myst\u00e8res quantiques, et o\u00f9 la tradition devient une passerelle vers la compr\u00e9hension cosmique. Je suis Nga Miny, votre guide dans cette exploration fascinante.<\/p><p>Ce blog est bien plus qu&#8217;une collection d&#8217;histoires. C&#8217;est un espace o\u00f9 le futur\u00a0 rencontre le pass\u00e9, o\u00f9 chaque conte devient une le\u00e7on, et chaque rituel, une fen\u00eatre ouverte sur des dimensions insoup\u00e7onn\u00e9es. \u00c0 travers mes yeux de conteuse, je vous invite \u00e0 d\u00e9couvrir la richesse du Bumuntu, de la M\u00e2at de la tradition primordiale Kongo enseign\u00e9e \u00e0 l&#8217;\u00e9cole initiatique <a href=\"https:\/\/www.kimuntu.com\">Kimuntu.<\/a><\/p><p>Au fil de ces pages, nous plongerons aussi dans les myst\u00e8res de la physique quantique, des math\u00e9matiques et de l&#8217;astrophysique, car il devient clair que la tradition africaine r\u00e9clame une approche scientifique pour r\u00e9v\u00e9ler ses secrets les plus profonds. Chaque article est une invitation \u00e0 une aventure multidimensionnelle, o\u00f9 la fronti\u00e8re entre ce qui est per\u00e7u et ce qui est s&#8217;estompe.<\/p><p>&#8220;La Voix du Bumuntu&#8221; est un appel \u00e0 l&#8217;exploration, \u00e0 la connexion avec nos racines, et \u00e0 la d\u00e9couverte de ce qui a de plus sacr\u00e9 en nous. Les bakulu( anc\u00eatres), les guides cosmiques m\u00e2atiques\u00a0 marchent avec nous dans ce voyage, \u00e9clairant notre chemin \u00e0 travers les d\u00e9fis de la vie moderne.<\/p><p>Alors, embarquez\u00a0 dans cette qu\u00eate de connaissance, de sagesse et de bien-\u00eatre. &#8220;La Voix du Bumuntu&#8221; est bien plus qu&#8217;un blog, c&#8217;est un voyage spirituel o\u00f9 chaque mot est une \u00e9toile dans la galaxie de la tradition primordiale. Bienvenue dans cette communaut\u00e9 o\u00f9 les histoires deviennent des liens entre les mondes, et o\u00f9 le BUMUNTU\u00a0 devient une balise qui nous guide dans l&#8217;exp\u00e9rimentation qu&#8217;est la vie, le luzingu.<\/p>\t\t\t\t\t\t<\/div>\n\t\t\t\t<\/div>\n\t\t\t\t<\/div>\n\t\t\t\t<\/div>\n\t\t","protected":false},"excerpt":{"rendered":"<p>&#8221; La voix du BUMUNTU&#8221; Bienvenue sur &#8220;La Voix du Bumuntu&#8221;, une oasis virtuelle o\u00f9 les r\u00e9cits qui nous parviennet de la tradition primordiale Kongo se m\u00ealent aux myst\u00e8res quantiques, et o\u00f9 la tradition devient une passerelle vers la compr\u00e9hension cosmique. Je suis Nga Miny, votre guide dans cette exploration fascinante. Ce blog est bien [&hellip;]<\/p>\n","protected":false},"author":1,"featured_media":0,"parent":0,"menu_order":0,"comment_status":"closed","ping_status":"closed","template":"","meta":{"footnotes":""},"yoast_head":"<!-- This site is optimized with the Yoast SEO plugin v22.0 - https:\/\/yoast.com\/wordpress\/plugins\/seo\/ -->\n<title>A propos - lavoixdubumuntu.com<\/title>\n<meta name=\"robots\" content=\"index, follow, max-snippet:-1, max-image-preview:large, max-video-preview:-1\" \/>\n<link rel=\"canonical\" href=\"https:\/\/lavoixdubumuntu.com\/index.php\/a-propos\/\" \/>\n<meta property=\"og:locale\" content=\"en_US\" \/>\n<meta property=\"og:type\" content=\"article\" \/>\n<meta property=\"og:title\" content=\"A propos - lavoixdubumuntu.com\" \/>\n<meta property=\"og:description\" content=\"&#8221; La voix du BUMUNTU&#8221; Bienvenue sur &#8220;La Voix du Bumuntu&#8221;, une oasis virtuelle o\u00f9 les r\u00e9cits qui nous parviennet de la tradition primordiale Kongo se m\u00ealent aux myst\u00e8res quantiques, et o\u00f9 la tradition devient une passerelle vers la compr\u00e9hension cosmique. Je suis Nga Miny, votre guide dans cette exploration fascinante. Ce blog est bien [&hellip;]\" \/>\n<meta property=\"og:url\" content=\"https:\/\/lavoixdubumuntu.com\/index.php\/a-propos\/\" \/>\n<meta property=\"og:site_name\" content=\"lavoixdubumuntu.com\" \/>\n<meta property=\"article:modified_time\" content=\"2024-01-02T20:42:38+00:00\" \/>\n<meta property=\"og:image\" content=\"http:\/\/lavoixdubumuntu.com\/wp-content\/uploads\/2024\/01\/Temple-Kongo-la-voix-du-bumuntu.png\" \/>\n<meta name=\"twitter:card\" content=\"summary_large_image\" \/>\n<meta name=\"twitter:label1\" content=\"Est. reading time\" \/>\n\t<meta name=\"twitter:data1\" content=\"2 minutes\" \/>\n<script type=\"application\/ld+json\" class=\"yoast-schema-graph\">{\"@context\":\"https:\/\/schema.org\",\"@graph\":[{\"@type\":\"WebPage\",\"@id\":\"https:\/\/lavoixdubumuntu.com\/index.php\/a-propos\/\",\"url\":\"https:\/\/lavoixdubumuntu.com\/index.php\/a-propos\/\",\"name\":\"A propos - lavoixdubumuntu.com\",\"isPartOf\":{\"@id\":\"https:\/\/lavoixdubumuntu.com\/#website\"},\"datePublished\":\"2023-12-26T18:05:26+00:00\",\"dateModified\":\"2024-01-02T20:42:38+00:00\",\"breadcrumb\":{\"@id\":\"https:\/\/lavoixdubumuntu.com\/index.php\/a-propos\/#breadcrumb\"},\"inLanguage\":\"en-US\",\"potentialAction\":[{\"@type\":\"ReadAction\",\"target\":[\"https:\/\/lavoixdubumuntu.com\/index.php\/a-propos\/\"]}]},{\"@type\":\"BreadcrumbList\",\"@id\":\"https:\/\/lavoixdubumuntu.com\/index.php\/a-propos\/#breadcrumb\",\"itemListElement\":[{\"@type\":\"ListItem\",\"position\":1,\"name\":\"Accueil\",\"item\":\"https:\/\/lavoixdubumuntu.com\/\"},{\"@type\":\"ListItem\",\"position\":2,\"name\":\"A propos\"}]},{\"@type\":\"WebSite\",\"@id\":\"https:\/\/lavoixdubumuntu.com\/#website\",\"url\":\"https:\/\/lavoixdubumuntu.com\/\",\"name\":\"lavoixdubumuntu.com\",\"description\":\"\",\"publisher\":{\"@id\":\"https:\/\/lavoixdubumuntu.com\/#organization\"},\"potentialAction\":[{\"@type\":\"SearchAction\",\"target\":{\"@type\":\"EntryPoint\",\"urlTemplate\":\"https:\/\/lavoixdubumuntu.com\/?s={search_term_string}\"},\"query-input\":\"required name=search_term_string\"}],\"inLanguage\":\"en-US\"},{\"@type\":\"Organization\",\"@id\":\"https:\/\/lavoixdubumuntu.com\/#organization\",\"name\":\"lavoixdubumuntu.com\",\"url\":\"https:\/\/lavoixdubumuntu.com\/\",\"logo\":{\"@type\":\"ImageObject\",\"inLanguage\":\"en-US\",\"@id\":\"https:\/\/lavoixdubumuntu.com\/#\/schema\/logo\/image\/\",\"url\":\"https:\/\/lavoixdubumuntu.com\/wp-content\/uploads\/2023\/12\/cropped-lavoxlogo2-1.png\",\"contentUrl\":\"https:\/\/lavoixdubumuntu.com\/wp-content\/uploads\/2023\/12\/cropped-lavoxlogo2-1.png\",\"width\":2953,\"height\":1630,\"caption\":\"lavoixdubumuntu.com\"},\"image\":{\"@id\":\"https:\/\/lavoixdubumuntu.com\/#\/schema\/logo\/image\/\"}}]}<\/script>\n<!-- \/ Yoast SEO plugin. -->","yoast_head_json":{"title":"A propos - lavoixdubumuntu.com","robots":{"index":"index","follow":"follow","max-snippet":"max-snippet:-1","max-image-preview":"max-image-preview:large","max-video-preview":"max-video-preview:-1"},"canonical":"https:\/\/lavoixdubumuntu.com\/index.php\/a-propos\/","og_locale":"en_US","og_type":"article","og_title":"A propos - lavoixdubumuntu.com","og_description":"&#8221; La voix du BUMUNTU&#8221; Bienvenue sur &#8220;La Voix du Bumuntu&#8221;, une oasis virtuelle o\u00f9 les r\u00e9cits qui nous parviennet de la tradition primordiale Kongo se m\u00ealent aux myst\u00e8res quantiques, et o\u00f9 la tradition devient une passerelle vers la compr\u00e9hension cosmique. Je suis Nga Miny, votre guide dans cette exploration fascinante. Ce blog est bien [&hellip;]","og_url":"https:\/\/lavoixdubumuntu.com\/index.php\/a-propos\/","og_site_name":"lavoixdubumuntu.com","article_modified_time":"2024-01-02T20:42:38+00:00","og_image":[{"url":"http:\/\/lavoixdubumuntu.com\/wp-content\/uploads\/2024\/01\/Temple-Kongo-la-voix-du-bumuntu.png"}],"twitter_card":"summary_large_image","twitter_misc":{"Est. reading time":"2 minutes"},"schema":{"@context":"https:\/\/schema.org","@graph":[{"@type":"WebPage","@id":"https:\/\/lavoixdubumuntu.com\/index.php\/a-propos\/","url":"https:\/\/lavoixdubumuntu.com\/index.php\/a-propos\/","name":"A propos - lavoixdubumuntu.com","isPartOf":{"@id":"https:\/\/lavoixdubumuntu.com\/#website"},"datePublished":"2023-12-26T18:05:26+00:00","dateModified":"2024-01-02T20:42:38+00:00","breadcrumb":{"@id":"https:\/\/lavoixdubumuntu.com\/index.php\/a-propos\/#breadcrumb"},"inLanguage":"en-US","potentialAction":[{"@type":"ReadAction","target":["https:\/\/lavoixdubumuntu.com\/index.php\/a-propos\/"]}]},{"@type":"BreadcrumbList","@id":"https:\/\/lavoixdubumuntu.com\/index.php\/a-propos\/#breadcrumb","itemListElement":[{"@type":"ListItem","position":1,"name":"Accueil","item":"https:\/\/lavoixdubumuntu.com\/"},{"@type":"ListItem","position":2,"name":"A propos"}]},{"@type":"WebSite","@id":"https:\/\/lavoixdubumuntu.com\/#website","url":"https:\/\/lavoixdubumuntu.com\/","name":"lavoixdubumuntu.com","description":"","publisher":{"@id":"https:\/\/lavoixdubumuntu.com\/#organization"},"potentialAction":[{"@type":"SearchAction","target":{"@type":"EntryPoint","urlTemplate":"https:\/\/lavoixdubumuntu.com\/?s={search_term_string}"},"query-input":"required name=search_term_string"}],"inLanguage":"en-US"},{"@type":"Organization","@id":"https:\/\/lavoixdubumuntu.com\/#organization","name":"lavoixdubumuntu.com","url":"https:\/\/lavoixdubumuntu.com\/","logo":{"@type":"ImageObject","inLanguage":"en-US","@id":"https:\/\/lavoixdubumuntu.com\/#\/schema\/logo\/image\/","url":"https:\/\/lavoixdubumuntu.com\/wp-content\/uploads\/2023\/12\/cropped-lavoxlogo2-1.png","contentUrl":"https:\/\/lavoixdubumuntu.com\/wp-content\/uploads\/2023\/12\/cropped-lavoxlogo2-1.png","width":2953,"height":1630,"caption":"lavoixdubumuntu.com"},"image":{"@id":"https:\/\/lavoixdubumuntu.com\/#\/schema\/logo\/image\/"}}]}},"_links":{"self":[{"href":"https:\/\/lavoixdubumuntu.com\/index.php\/wp-json\/wp\/v2\/pages\/17"}],"collection":[{"href":"https:\/\/lavoixdubumuntu.com\/index.php\/wp-json\/wp\/v2\/pages"}],"about":[{"href":"https:\/\/lavoixdubumuntu.com\/index.php\/wp-json\/wp\/v2\/types\/page"}],"author":[{"embeddable":true,"href":"https:\/\/lavoixdubumuntu.com\/index.php\/wp-json\/wp\/v2\/users\/1"}],"replies":[{"embeddable":true,"href":"https:\/\/lavoixdubumuntu.com\/index.php\/wp-json\/wp\/v2\/comments?post=17"}],"version-history":[{"count":25,"href":"https:\/\/lavoixdubumuntu.com\/index.php\/wp-json\/wp\/v2\/pages\/17\/revisions"}],"predecessor-version":[{"id":400,"href":"https:\/\/lavoixdubumuntu.com\/index.php\/wp-json\/wp\/v2\/pages\/17\/revisions\/400"}],"wp:attachment":[{"href":"https:\/\/lavoixdubumuntu.com\/index.php\/wp-json\/wp\/v2\/media?parent=17"}],"curies":[{"name":"wp","href":"https:\/\/api.w.org\/{rel}","templated":true}]}}