{"id":309,"date":"2024-01-01T23:46:42","date_gmt":"2024-01-01T22:46:42","guid":{"rendered":"https:\/\/lavoixdubumuntu.com\/?page_id=309"},"modified":"2024-01-02T21:41:17","modified_gmt":"2024-01-02T20:41:17","slug":"blog","status":"publish","type":"page","link":"https:\/\/lavoixdubumuntu.com\/index.php\/blog\/","title":{"rendered":"Blog"},"content":{"rendered":"\t\t<div data-elementor-type=\"wp-page\" data-elementor-id=\"309\" class=\"elementor elementor-309\" data-elementor-post-type=\"page\">\n\t\t\t\t<div class=\"elementor-element elementor-element-d43ee3b e-flex e-con-boxed e-con e-parent\" data-id=\"d43ee3b\" data-element_type=\"container\" data-settings=\"{&quot;content_width&quot;:&quot;boxed&quot;}\" data-core-v316-plus=\"true\">\n\t\t\t\t\t<div class=\"e-con-inner\">\n\t\t\t\t<div class=\"elementor-element elementor-element-22819d1 elementor-widget elementor-widget-image\" data-id=\"22819d1\" data-element_type=\"widget\" data-widget_type=\"image.default\">\n\t\t\t\t<div class=\"elementor-widget-container\">\n\t\t\t<style>\/*! elementor - v3.19.0 - 07-02-2024 *\/\n.elementor-widget-image{text-align:center}.elementor-widget-image a{display:inline-block}.elementor-widget-image a img[src$=\".svg\"]{width:48px}.elementor-widget-image img{vertical-align:middle;display:inline-block}<\/style>\t\t\t\t\t\t\t\t\t\t<img fetchpriority=\"high\" decoding=\"async\" width=\"768\" height=\"346\" src=\"https:\/\/lavoixdubumuntu.com\/wp-content\/uploads\/2024\/01\/la-voix-du-bumuntu-le-blog-768x346.png\" class=\"attachment-medium_large size-medium_large wp-image-379\" alt=\"Une femme et un lion dans la jungle, la voix du bumuntu, le blog\" srcset=\"https:\/\/lavoixdubumuntu.com\/wp-content\/uploads\/2024\/01\/la-voix-du-bumuntu-le-blog-768x346.png 768w, https:\/\/lavoixdubumuntu.com\/wp-content\/uploads\/2024\/01\/la-voix-du-bumuntu-le-blog-300x135.png 300w, https:\/\/lavoixdubumuntu.com\/wp-content\/uploads\/2024\/01\/la-voix-du-bumuntu-le-blog-600x270.png 600w, https:\/\/lavoixdubumuntu.com\/wp-content\/uploads\/2024\/01\/la-voix-du-bumuntu-le-blog.png 1000w\" sizes=\"(max-width: 768px) 100vw, 768px\" \/>\t\t\t\t\t\t\t\t\t\t\t\t\t<\/div>\n\t\t\t\t<\/div>\n\t\t\t\t\t<\/div>\n\t\t\t\t<\/div>\n\t\t<div class=\"elementor-element elementor-element-c75020d e-flex e-con-boxed e-con e-parent\" data-id=\"c75020d\" data-element_type=\"container\" data-settings=\"{&quot;content_width&quot;:&quot;boxed&quot;}\" data-core-v316-plus=\"true\">\n\t\t\t\t\t<div class=\"e-con-inner\">\n\t\t\t\t<div class=\"elementor-element elementor-element-43ea736 elementor-widget elementor-widget-heading\" data-id=\"43ea736\" data-element_type=\"widget\" data-widget_type=\"heading.default\">\n\t\t\t\t<div class=\"elementor-widget-container\">\n\t\t\t<style>\/*! elementor - v3.19.0 - 07-02-2024 *\/\n.elementor-heading-title{padding:0;margin:0;line-height:1}.elementor-widget-heading .elementor-heading-title[class*=elementor-size-]>a{color:inherit;font-size:inherit;line-height:inherit}.elementor-widget-heading .elementor-heading-title.elementor-size-small{font-size:15px}.elementor-widget-heading .elementor-heading-title.elementor-size-medium{font-size:19px}.elementor-widget-heading .elementor-heading-title.elementor-size-large{font-size:29px}.elementor-widget-heading .elementor-heading-title.elementor-size-xl{font-size:39px}.elementor-widget-heading .elementor-heading-title.elementor-size-xxl{font-size:59px}<\/style><h2 class=\"elementor-heading-title elementor-size-default\">Le blog<\/h2>\t\t<\/div>\n\t\t\t\t<\/div>\n\t\t\t\t\t<\/div>\n\t\t\t\t<\/div>\n\t\t<div class=\"elementor-element elementor-element-841459c e-con-full e-flex e-con e-parent\" data-id=\"841459c\" data-element_type=\"container\" data-settings=\"{&quot;content_width&quot;:&quot;full&quot;}\" data-core-v316-plus=\"true\">\n\t\t\t\t<div class=\"elementor-element elementor-element-9d4b129 elementor-widget elementor-widget-text-editor\" data-id=\"9d4b129\" data-element_type=\"widget\" data-widget_type=\"text-editor.default\">\n\t\t\t\t<div class=\"elementor-widget-container\">\n\t\t\t<style>\/*! elementor - v3.19.0 - 07-02-2024 *\/\n.elementor-widget-text-editor.elementor-drop-cap-view-stacked .elementor-drop-cap{background-color:#69727d;color:#fff}.elementor-widget-text-editor.elementor-drop-cap-view-framed .elementor-drop-cap{color:#69727d;border:3px solid;background-color:transparent}.elementor-widget-text-editor:not(.elementor-drop-cap-view-default) .elementor-drop-cap{margin-top:8px}.elementor-widget-text-editor:not(.elementor-drop-cap-view-default) .elementor-drop-cap-letter{width:1em;height:1em}.elementor-widget-text-editor .elementor-drop-cap{float:left;text-align:center;line-height:1;font-size:50px}.elementor-widget-text-editor .elementor-drop-cap-letter{display:inline-block}<\/style>\t\t\t\t<p>Bienvenue sur &#8221; La voix du Bumuntu&#8221;, une plong\u00e9e fascinante dans les profondeurs de la tradition primordiale ancestrale KONGO et des myst\u00e8res quantiques. En tant que conteuse passionn\u00e9e, je vous invite \u00e0 un voyage o\u00f9 les r\u00e9cits traditionnels et la science moderne se rencontrent harmonieusement. Explorez avec moi les pages de ce blog pour d\u00e9couvrir la richesse culturelle, les symboles ancestraux et les concepts quantiques qui tissent la trame de notre existence.<\/p><p>Chaque article est une porte ouverte vers des dimensions inexplor\u00e9es, o\u00f9 les histoires deviennent des enseignements et les \u00e9quations scientifiques des cl\u00e9s pour d\u00e9crypter les myst\u00e8res du monde. &#8220;La Voix du Bumuntu&#8221; est bien plus qu&#8217;un blog, c&#8217;est une c\u00e9l\u00e9bration de la connexion entre le pass\u00e9 et le pr\u00e9sent, entre la sagesse ancienne et la curiosit\u00e9 moderne.<\/p><p>Embarquez avec moi dans cette aventure o\u00f9 la tradition africaine se d\u00e9voile \u00e0 travers des r\u00e9cits captivants, o\u00f9 la science offre une nouvelle perspective sur nos racines. Que vous soyez novice dans l&#8217;univers de la tradition africaine ou un explorateur chevronn\u00e9, chaque article est une invitation \u00e0 repenser notre compr\u00e9hension du monde qui nous entoure.<\/p><p>Pr\u00e9parez-vous \u00e0 \u00eatre \u00e9merveill\u00e9s, \u00e0 \u00eatre inspir\u00e9s, et surtout, \u00e0 \u00eatre connect\u00e9s \u00e0 la richesse de notre patrimoine et \u00e0 l&#8217;infinit\u00e9 de possibilit\u00e9s que la connaissance peut offrir. Bienvenue dans &#8220;La Voix du Bumuntu&#8221; \u2013 votre portail vers l&#8217;\u00e9merveillement, la sagesse et l&#8217;\u00e9volution.<\/p>\t\t\t\t\t\t<\/div>\n\t\t\t\t<\/div>\n\t\t\t\t<\/div>\n\t\t\t\t<\/div>\n\t\t","protected":false},"excerpt":{"rendered":"<p>Le blog Bienvenue sur &#8221; La voix du Bumuntu&#8221;, une plong\u00e9e fascinante dans les profondeurs de la tradition primordiale ancestrale KONGO et des myst\u00e8res quantiques. En tant que conteuse passionn\u00e9e, je vous invite \u00e0 un voyage o\u00f9 les r\u00e9cits traditionnels et la science moderne se rencontrent harmonieusement. Explorez avec moi les pages de ce blog [&hellip;]<\/p>\n","protected":false},"author":1,"featured_media":0,"parent":0,"menu_order":0,"comment_status":"closed","ping_status":"closed","template":"","meta":{"footnotes":""},"yoast_head":"<!-- This site is optimized with the Yoast SEO plugin v22.0 - https:\/\/yoast.com\/wordpress\/plugins\/seo\/ -->\n<title>Blog - lavoixdubumuntu.com<\/title>\n<meta name=\"robots\" content=\"index, follow, max-snippet:-1, max-image-preview:large, max-video-preview:-1\" \/>\n<link rel=\"canonical\" href=\"https:\/\/lavoixdubumuntu.com\/index.php\/blog\/\" \/>\n<meta property=\"og:locale\" content=\"en_US\" \/>\n<meta property=\"og:type\" content=\"article\" \/>\n<meta property=\"og:title\" content=\"Blog - lavoixdubumuntu.com\" \/>\n<meta property=\"og:description\" content=\"Le blog Bienvenue sur &#8221; La voix du Bumuntu&#8221;, une plong\u00e9e fascinante dans les profondeurs de la tradition primordiale ancestrale KONGO et des myst\u00e8res quantiques. En tant que conteuse passionn\u00e9e, je vous invite \u00e0 un voyage o\u00f9 les r\u00e9cits traditionnels et la science moderne se rencontrent harmonieusement. Explorez avec moi les pages de ce blog [&hellip;]\" \/>\n<meta property=\"og:url\" content=\"https:\/\/lavoixdubumuntu.com\/index.php\/blog\/\" \/>\n<meta property=\"og:site_name\" content=\"lavoixdubumuntu.com\" \/>\n<meta property=\"article:modified_time\" content=\"2024-01-02T20:41:17+00:00\" \/>\n<meta property=\"og:image\" content=\"http:\/\/lavoixdubumuntu.com\/wp-content\/uploads\/2024\/01\/la-voix-du-bumuntu-le-blog-768x346.png\" \/>\n<meta name=\"twitter:card\" content=\"summary_large_image\" \/>\n<meta name=\"twitter:label1\" content=\"Est. reading time\" \/>\n\t<meta name=\"twitter:data1\" content=\"2 minutes\" \/>\n<script type=\"application\/ld+json\" class=\"yoast-schema-graph\">{\"@context\":\"https:\/\/schema.org\",\"@graph\":[{\"@type\":\"WebPage\",\"@id\":\"https:\/\/lavoixdubumuntu.com\/index.php\/blog\/\",\"url\":\"https:\/\/lavoixdubumuntu.com\/index.php\/blog\/\",\"name\":\"Blog - lavoixdubumuntu.com\",\"isPartOf\":{\"@id\":\"https:\/\/lavoixdubumuntu.com\/#website\"},\"datePublished\":\"2024-01-01T22:46:42+00:00\",\"dateModified\":\"2024-01-02T20:41:17+00:00\",\"breadcrumb\":{\"@id\":\"https:\/\/lavoixdubumuntu.com\/index.php\/blog\/#breadcrumb\"},\"inLanguage\":\"en-US\",\"potentialAction\":[{\"@type\":\"ReadAction\",\"target\":[\"https:\/\/lavoixdubumuntu.com\/index.php\/blog\/\"]}]},{\"@type\":\"BreadcrumbList\",\"@id\":\"https:\/\/lavoixdubumuntu.com\/index.php\/blog\/#breadcrumb\",\"itemListElement\":[{\"@type\":\"ListItem\",\"position\":1,\"name\":\"Accueil\",\"item\":\"https:\/\/lavoixdubumuntu.com\/\"},{\"@type\":\"ListItem\",\"position\":2,\"name\":\"Blog\"}]},{\"@type\":\"WebSite\",\"@id\":\"https:\/\/lavoixdubumuntu.com\/#website\",\"url\":\"https:\/\/lavoixdubumuntu.com\/\",\"name\":\"lavoixdubumuntu.com\",\"description\":\"\",\"publisher\":{\"@id\":\"https:\/\/lavoixdubumuntu.com\/#organization\"},\"potentialAction\":[{\"@type\":\"SearchAction\",\"target\":{\"@type\":\"EntryPoint\",\"urlTemplate\":\"https:\/\/lavoixdubumuntu.com\/?s={search_term_string}\"},\"query-input\":\"required name=search_term_string\"}],\"inLanguage\":\"en-US\"},{\"@type\":\"Organization\",\"@id\":\"https:\/\/lavoixdubumuntu.com\/#organization\",\"name\":\"lavoixdubumuntu.com\",\"url\":\"https:\/\/lavoixdubumuntu.com\/\",\"logo\":{\"@type\":\"ImageObject\",\"inLanguage\":\"en-US\",\"@id\":\"https:\/\/lavoixdubumuntu.com\/#\/schema\/logo\/image\/\",\"url\":\"https:\/\/lavoixdubumuntu.com\/wp-content\/uploads\/2023\/12\/cropped-lavoxlogo2-1.png\",\"contentUrl\":\"https:\/\/lavoixdubumuntu.com\/wp-content\/uploads\/2023\/12\/cropped-lavoxlogo2-1.png\",\"width\":2953,\"height\":1630,\"caption\":\"lavoixdubumuntu.com\"},\"image\":{\"@id\":\"https:\/\/lavoixdubumuntu.com\/#\/schema\/logo\/image\/\"}}]}<\/script>\n<!-- \/ Yoast SEO plugin. -->","yoast_head_json":{"title":"Blog - lavoixdubumuntu.com","robots":{"index":"index","follow":"follow","max-snippet":"max-snippet:-1","max-image-preview":"max-image-preview:large","max-video-preview":"max-video-preview:-1"},"canonical":"https:\/\/lavoixdubumuntu.com\/index.php\/blog\/","og_locale":"en_US","og_type":"article","og_title":"Blog - lavoixdubumuntu.com","og_description":"Le blog Bienvenue sur &#8221; La voix du Bumuntu&#8221;, une plong\u00e9e fascinante dans les profondeurs de la tradition primordiale ancestrale KONGO et des myst\u00e8res quantiques. En tant que conteuse passionn\u00e9e, je vous invite \u00e0 un voyage o\u00f9 les r\u00e9cits traditionnels et la science moderne se rencontrent harmonieusement. Explorez avec moi les pages de ce blog [&hellip;]","og_url":"https:\/\/lavoixdubumuntu.com\/index.php\/blog\/","og_site_name":"lavoixdubumuntu.com","article_modified_time":"2024-01-02T20:41:17+00:00","og_image":[{"url":"http:\/\/lavoixdubumuntu.com\/wp-content\/uploads\/2024\/01\/la-voix-du-bumuntu-le-blog-768x346.png"}],"twitter_card":"summary_large_image","twitter_misc":{"Est. reading time":"2 minutes"},"schema":{"@context":"https:\/\/schema.org","@graph":[{"@type":"WebPage","@id":"https:\/\/lavoixdubumuntu.com\/index.php\/blog\/","url":"https:\/\/lavoixdubumuntu.com\/index.php\/blog\/","name":"Blog - lavoixdubumuntu.com","isPartOf":{"@id":"https:\/\/lavoixdubumuntu.com\/#website"},"datePublished":"2024-01-01T22:46:42+00:00","dateModified":"2024-01-02T20:41:17+00:00","breadcrumb":{"@id":"https:\/\/lavoixdubumuntu.com\/index.php\/blog\/#breadcrumb"},"inLanguage":"en-US","potentialAction":[{"@type":"ReadAction","target":["https:\/\/lavoixdubumuntu.com\/index.php\/blog\/"]}]},{"@type":"BreadcrumbList","@id":"https:\/\/lavoixdubumuntu.com\/index.php\/blog\/#breadcrumb","itemListElement":[{"@type":"ListItem","position":1,"name":"Accueil","item":"https:\/\/lavoixdubumuntu.com\/"},{"@type":"ListItem","position":2,"name":"Blog"}]},{"@type":"WebSite","@id":"https:\/\/lavoixdubumuntu.com\/#website","url":"https:\/\/lavoixdubumuntu.com\/","name":"lavoixdubumuntu.com","description":"","publisher":{"@id":"https:\/\/lavoixdubumuntu.com\/#organization"},"potentialAction":[{"@type":"SearchAction","target":{"@type":"EntryPoint","urlTemplate":"https:\/\/lavoixdubumuntu.com\/?s={search_term_string}"},"query-input":"required name=search_term_string"}],"inLanguage":"en-US"},{"@type":"Organization","@id":"https:\/\/lavoixdubumuntu.com\/#organization","name":"lavoixdubumuntu.com","url":"https:\/\/lavoixdubumuntu.com\/","logo":{"@type":"ImageObject","inLanguage":"en-US","@id":"https:\/\/lavoixdubumuntu.com\/#\/schema\/logo\/image\/","url":"https:\/\/lavoixdubumuntu.com\/wp-content\/uploads\/2023\/12\/cropped-lavoxlogo2-1.png","contentUrl":"https:\/\/lavoixdubumuntu.com\/wp-content\/uploads\/2023\/12\/cropped-lavoxlogo2-1.png","width":2953,"height":1630,"caption":"lavoixdubumuntu.com"},"image":{"@id":"https:\/\/lavoixdubumuntu.com\/#\/schema\/logo\/image\/"}}]}},"_links":{"self":[{"href":"https:\/\/lavoixdubumuntu.com\/index.php\/wp-json\/wp\/v2\/pages\/309"}],"collection":[{"href":"https:\/\/lavoixdubumuntu.com\/index.php\/wp-json\/wp\/v2\/pages"}],"about":[{"href":"https:\/\/lavoixdubumuntu.com\/index.php\/wp-json\/wp\/v2\/types\/page"}],"author":[{"embeddable":true,"href":"https:\/\/lavoixdubumuntu.com\/index.php\/wp-json\/wp\/v2\/users\/1"}],"replies":[{"embeddable":true,"href":"https:\/\/lavoixdubumuntu.com\/index.php\/wp-json\/wp\/v2\/comments?post=309"}],"version-history":[{"count":19,"href":"https:\/\/lavoixdubumuntu.com\/index.php\/wp-json\/wp\/v2\/pages\/309\/revisions"}],"predecessor-version":[{"id":397,"href":"https:\/\/lavoixdubumuntu.com\/index.php\/wp-json\/wp\/v2\/pages\/309\/revisions\/397"}],"wp:attachment":[{"href":"https:\/\/lavoixdubumuntu.com\/index.php\/wp-json\/wp\/v2\/media?parent=309"}],"curies":[{"name":"wp","href":"https:\/\/api.w.org\/{rel}","templated":true}]}}