{"id":483,"date":"2024-01-26T11:11:42","date_gmt":"2024-01-26T10:11:42","guid":{"rendered":"https:\/\/lavoixdubumuntu.com\/?page_id=483"},"modified":"2024-03-05T13:43:51","modified_gmt":"2024-03-05T12:43:51","slug":"videos","status":"publish","type":"page","link":"https:\/\/lavoixdubumuntu.com\/index.php\/videos\/","title":{"rendered":"Vid\u00e9os"},"content":{"rendered":"\t\t<div data-elementor-type=\"wp-page\" data-elementor-id=\"483\" class=\"elementor elementor-483\" data-elementor-post-type=\"page\">\n\t\t\t\t<div class=\"elementor-element elementor-element-2a6ff02 e-flex e-con-boxed e-con e-parent\" data-id=\"2a6ff02\" data-element_type=\"container\" data-settings=\"{&quot;content_width&quot;:&quot;boxed&quot;}\" data-core-v316-plus=\"true\">\n\t\t\t\t\t<div class=\"e-con-inner\">\n\t\t<div class=\"elementor-element elementor-element-641aa38 e-con-full e-flex e-con e-child\" data-id=\"641aa38\" data-element_type=\"container\" data-settings=\"{&quot;content_width&quot;:&quot;full&quot;}\">\n\t\t\t\t<div class=\"elementor-element elementor-element-b8ad6a2 elementor-widget elementor-widget-video\" data-id=\"b8ad6a2\" data-element_type=\"widget\" data-settings=\"{&quot;youtube_url&quot;:&quot;https:\\\/\\\/www.youtube.com\\\/watch?v=ih_sEhHzYGI&amp;t=6s&quot;,&quot;video_type&quot;:&quot;youtube&quot;,&quot;controls&quot;:&quot;yes&quot;}\" data-widget_type=\"video.default\">\n\t\t\t\t<div class=\"elementor-widget-container\">\n\t\t\t<style>\/*! elementor - v3.19.0 - 07-02-2024 *\/\n.elementor-widget-video .elementor-widget-container{overflow:hidden;transform:translateZ(0)}.elementor-widget-video .elementor-wrapper{aspect-ratio:var(--video-aspect-ratio)}.elementor-widget-video .elementor-wrapper iframe,.elementor-widget-video .elementor-wrapper video{height:100%;width:100%;display:flex;border:none;background-color:#000}@supports not (aspect-ratio:1\/1){.elementor-widget-video .elementor-wrapper{position:relative;overflow:hidden;height:0;padding-bottom:calc(100% \/ var(--video-aspect-ratio))}.elementor-widget-video .elementor-wrapper iframe,.elementor-widget-video .elementor-wrapper video{position:absolute;top:0;right:0;bottom:0;left:0}}.elementor-widget-video .elementor-open-inline .elementor-custom-embed-image-overlay{position:absolute;top:0;right:0;bottom:0;left:0;background-size:cover;background-position:50%}.elementor-widget-video .elementor-custom-embed-image-overlay{cursor:pointer;text-align:center}.elementor-widget-video .elementor-custom-embed-image-overlay:hover .elementor-custom-embed-play i{opacity:1}.elementor-widget-video .elementor-custom-embed-image-overlay img{display:block;width:100%;aspect-ratio:var(--video-aspect-ratio);-o-object-fit:cover;object-fit:cover;-o-object-position:center center;object-position:center center}@supports not (aspect-ratio:1\/1){.elementor-widget-video .elementor-custom-embed-image-overlay{position:relative;overflow:hidden;height:0;padding-bottom:calc(100% \/ var(--video-aspect-ratio))}.elementor-widget-video .elementor-custom-embed-image-overlay img{position:absolute;top:0;right:0;bottom:0;left:0}}.elementor-widget-video .e-hosted-video .elementor-video{-o-object-fit:cover;object-fit:cover}.e-con-inner>.elementor-widget-video,.e-con>.elementor-widget-video{width:var(--container-widget-width);--flex-grow:var(--container-widget-flex-grow)}<\/style>\t\t<div class=\"elementor-wrapper elementor-open-inline\">\n\t\t\t<div class=\"elementor-video\"><\/div>\t\t<\/div>\n\t\t\t\t<\/div>\n\t\t\t\t<\/div>\n\t\t\t\t<div class=\"elementor-element elementor-element-21884c8 elementor-widget elementor-widget-text-editor\" data-id=\"21884c8\" data-element_type=\"widget\" data-widget_type=\"text-editor.default\">\n\t\t\t\t<div class=\"elementor-widget-container\">\n\t\t\t<style>\/*! elementor - v3.19.0 - 07-02-2024 *\/\n.elementor-widget-text-editor.elementor-drop-cap-view-stacked .elementor-drop-cap{background-color:#69727d;color:#fff}.elementor-widget-text-editor.elementor-drop-cap-view-framed .elementor-drop-cap{color:#69727d;border:3px solid;background-color:transparent}.elementor-widget-text-editor:not(.elementor-drop-cap-view-default) .elementor-drop-cap{margin-top:8px}.elementor-widget-text-editor:not(.elementor-drop-cap-view-default) .elementor-drop-cap-letter{width:1em;height:1em}.elementor-widget-text-editor .elementor-drop-cap{float:left;text-align:center;line-height:1;font-size:50px}.elementor-widget-text-editor .elementor-drop-cap-letter{display:inline-block}<\/style>\t\t\t\t<p>Bienvenue sur \u00ab La voix du Bumuntu \u00bb, un espace o\u00f9 je souhaite partager avec vous mon exploration personnelle de la tradition primordiale Kongo&#8230;<a href=\"https:\/\/lavoixdubumuntu.com\/index.php\/2023\/12\/29\/le-voyage-multidimensionnel-dune-nga\/\">la suite<\/a><\/p>\t\t\t\t\t\t<\/div>\n\t\t\t\t<\/div>\n\t\t\t\t<\/div>\n\t\t<div class=\"elementor-element elementor-element-7aa8a86 e-con-full e-flex e-con e-child\" data-id=\"7aa8a86\" data-element_type=\"container\" data-settings=\"{&quot;content_width&quot;:&quot;full&quot;}\">\n\t\t\t\t<div class=\"elementor-element elementor-element-e9b69fd elementor-widget elementor-widget-video\" data-id=\"e9b69fd\" data-element_type=\"widget\" data-settings=\"{&quot;youtube_url&quot;:&quot;https:\\\/\\\/www.youtube.com\\\/watch?v=DVgDL07785o&quot;,&quot;video_type&quot;:&quot;youtube&quot;,&quot;controls&quot;:&quot;yes&quot;}\" data-widget_type=\"video.default\">\n\t\t\t\t<div class=\"elementor-widget-container\">\n\t\t\t\t\t<div class=\"elementor-wrapper elementor-open-inline\">\n\t\t\t<div class=\"elementor-video\"><\/div>\t\t<\/div>\n\t\t\t\t<\/div>\n\t\t\t\t<\/div>\n\t\t\t\t<div class=\"elementor-element elementor-element-4a7542f elementor-widget elementor-widget-text-editor\" data-id=\"4a7542f\" data-element_type=\"widget\" data-widget_type=\"text-editor.default\">\n\t\t\t\t<div class=\"elementor-widget-container\">\n\t\t\t\t\t\t\t<p>\u00a0Lorsque l\u2019on \u00e9voque la \u00ab tradition primordiale \u00bb, il convient de pr\u00e9ciser qu\u2019il ne s\u2019agit pas de faire r\u00e9f\u00e9rence au peuple contemporain d\u2019Afrique centrale portant le m\u00eame nom. Il s\u2019agit plut\u00f4t de se replonger dans une tradition provenant du futur, celle des Kongo dia Ntangi*&#8230; <a href=\"https:\/\/lavoixdubumuntu.com\/index.php\/2024\/01\/26\/a-la-croisee-des-dimensions\/\">la suite<\/a><\/p>\t\t\t\t\t\t<\/div>\n\t\t\t\t<\/div>\n\t\t\t\t<\/div>\n\t\t\t\t\t<\/div>\n\t\t\t\t<\/div>\n\t\t<div class=\"elementor-element elementor-element-b42889f e-flex e-con-boxed e-con e-parent\" data-id=\"b42889f\" data-element_type=\"container\" data-settings=\"{&quot;content_width&quot;:&quot;boxed&quot;}\" data-core-v316-plus=\"true\">\n\t\t\t\t\t<div class=\"e-con-inner\">\n\t\t<div class=\"elementor-element elementor-element-b36ba62 e-con-full e-flex e-con e-child\" data-id=\"b36ba62\" data-element_type=\"container\" data-settings=\"{&quot;content_width&quot;:&quot;full&quot;}\">\n\t\t\t\t<div class=\"elementor-element elementor-element-779f293 elementor-widget elementor-widget-video\" data-id=\"779f293\" data-element_type=\"widget\" data-settings=\"{&quot;youtube_url&quot;:&quot;https:\\\/\\\/www.youtube.com\\\/watch?v=AqYHdOOXfrA&amp;t=40s&quot;,&quot;video_type&quot;:&quot;youtube&quot;,&quot;controls&quot;:&quot;yes&quot;}\" data-widget_type=\"video.default\">\n\t\t\t\t<div class=\"elementor-widget-container\">\n\t\t\t\t\t<div class=\"elementor-wrapper elementor-open-inline\">\n\t\t\t<div class=\"elementor-video\"><\/div>\t\t<\/div>\n\t\t\t\t<\/div>\n\t\t\t\t<\/div>\n\t\t\t\t<div class=\"elementor-element elementor-element-d196c12 elementor-widget elementor-widget-text-editor\" data-id=\"d196c12\" data-element_type=\"widget\" data-widget_type=\"text-editor.default\">\n\t\t\t\t<div class=\"elementor-widget-container\">\n\t\t\t\t\t\t\t<p>Cet \u00e9veil repose sur le paradigme ancestral Kongo. Pendant longtemps, le Bumuntu est rest\u00e9 hors de port\u00e9e, privant ainsi notre culture de ses fondements essentiels, de sa dynamique et de son engagement&#8230;<a href=\"https:\/\/lavoixdubumuntu.com\/index.php\/2024\/02\/02\/les-voiles-du-bumun\/\">la suite<\/a><\/p>\t\t\t\t\t\t<\/div>\n\t\t\t\t<\/div>\n\t\t\t\t<\/div>\n\t\t<div class=\"elementor-element elementor-element-509efaa e-con-full e-flex e-con e-child\" data-id=\"509efaa\" data-element_type=\"container\" data-settings=\"{&quot;content_width&quot;:&quot;full&quot;}\">\n\t\t\t\t<div class=\"elementor-element elementor-element-6540fa3 elementor-widget elementor-widget-video\" data-id=\"6540fa3\" data-element_type=\"widget\" data-settings=\"{&quot;youtube_url&quot;:&quot;https:\\\/\\\/www.youtube.com\\\/watch?v=e9Z9_eVBcz8&quot;,&quot;video_type&quot;:&quot;youtube&quot;,&quot;controls&quot;:&quot;yes&quot;}\" data-widget_type=\"video.default\">\n\t\t\t\t<div class=\"elementor-widget-container\">\n\t\t\t\t\t<div class=\"elementor-wrapper elementor-open-inline\">\n\t\t\t<div class=\"elementor-video\"><\/div>\t\t<\/div>\n\t\t\t\t<\/div>\n\t\t\t\t<\/div>\n\t\t\t\t<div class=\"elementor-element elementor-element-7ad1d57 elementor-widget elementor-widget-text-editor\" data-id=\"7ad1d57\" data-element_type=\"widget\" data-widget_type=\"text-editor.default\">\n\t\t\t\t<div class=\"elementor-widget-container\">\n\t\t\t\t\t\t\t<p><em>Dans notre qu\u00eate de sens dans ce vaste univers, nous nous retrouvons souvent \u00e0 chercher ce qui donne un v\u00e9ritable \u00e9lan \u00e0 notre existence. Le Bumuntu, concept riche et profond, offre une lumi\u00e8re sur le sens de la vie, la raison pour laquelle chaque jour vaut la peine d\u2019\u00eatre v\u00e9cu&#8230;<a href=\"https:\/\/lavoixdubumuntu.com\/index.php\/2024\/02\/09\/bumuntu-je-suis-parce-que-nous-sommes\/\">la suite<\/a><\/em><\/p>\t\t\t\t\t\t<\/div>\n\t\t\t\t<\/div>\n\t\t\t\t<\/div>\n\t\t\t\t\t<\/div>\n\t\t\t\t<\/div>\n\t\t<div class=\"elementor-element elementor-element-d4e4fd1 e-flex e-con-boxed e-con e-parent\" data-id=\"d4e4fd1\" data-element_type=\"container\" data-settings=\"{&quot;content_width&quot;:&quot;boxed&quot;}\" data-core-v316-plus=\"true\">\n\t\t\t\t\t<div class=\"e-con-inner\">\n\t\t<div class=\"elementor-element elementor-element-76f556d e-con-full e-flex e-con e-child\" data-id=\"76f556d\" data-element_type=\"container\" data-settings=\"{&quot;content_width&quot;:&quot;full&quot;}\">\n\t\t\t\t<div class=\"elementor-element elementor-element-fa3bfcd elementor-widget elementor-widget-video\" data-id=\"fa3bfcd\" data-element_type=\"widget\" data-settings=\"{&quot;youtube_url&quot;:&quot;https:\\\/\\\/www.youtube.com\\\/watch?v=5XERCxhWM8g&amp;t=26s&quot;,&quot;video_type&quot;:&quot;youtube&quot;,&quot;controls&quot;:&quot;yes&quot;}\" data-widget_type=\"video.default\">\n\t\t\t\t<div class=\"elementor-widget-container\">\n\t\t\t\t\t<div class=\"elementor-wrapper elementor-open-inline\">\n\t\t\t<div class=\"elementor-video\"><\/div>\t\t<\/div>\n\t\t\t\t<\/div>\n\t\t\t\t<\/div>\n\t\t\t\t<div class=\"elementor-element elementor-element-e4d25d3 elementor-widget elementor-widget-text-editor\" data-id=\"e4d25d3\" data-element_type=\"widget\" data-widget_type=\"text-editor.default\">\n\t\t\t\t<div class=\"elementor-widget-container\">\n\t\t\t\t\t\t\t<p>Le muntu existe sur plusieurs plans de r\u00e9alit\u00e9 en m\u00eame temps, interagissant avec des dimensions mat\u00e9rielles, spirituelles et \u00e9nerg\u00e9tiques&#8230;<a href=\"https:\/\/lavoixdubumuntu.com\/index.php\/2024\/02\/23\/exploration-du-bumuntu-comprendre-lessence-du-muntu\/\">la suite<\/a><\/p><p>\u00a0<\/p>\t\t\t\t\t\t<\/div>\n\t\t\t\t<\/div>\n\t\t\t\t<\/div>\n\t\t<div class=\"elementor-element elementor-element-84880a4 e-con-full e-flex e-con e-child\" data-id=\"84880a4\" data-element_type=\"container\" data-settings=\"{&quot;content_width&quot;:&quot;full&quot;}\">\n\t\t\t\t<div class=\"elementor-element elementor-element-4d00c82 elementor-widget elementor-widget-video\" data-id=\"4d00c82\" data-element_type=\"widget\" data-settings=\"{&quot;youtube_url&quot;:&quot;https:\\\/\\\/www.youtube.com\\\/watch?v=-f8HvdL8tHY&amp;t=43s&quot;,&quot;video_type&quot;:&quot;youtube&quot;,&quot;controls&quot;:&quot;yes&quot;}\" data-widget_type=\"video.default\">\n\t\t\t\t<div class=\"elementor-widget-container\">\n\t\t\t\t\t<div class=\"elementor-wrapper elementor-open-inline\">\n\t\t\t<div class=\"elementor-video\"><\/div>\t\t<\/div>\n\t\t\t\t<\/div>\n\t\t\t\t<\/div>\n\t\t\t\t<div class=\"elementor-element elementor-element-c563ef7 elementor-widget elementor-widget-text-editor\" data-id=\"c563ef7\" data-element_type=\"widget\" data-widget_type=\"text-editor.default\">\n\t\t\t\t<div class=\"elementor-widget-container\">\n\t\t\t\t\t\t\t<p><em>Dans notre exploration continue du Bumuntu, un aspect essentiel qui \u00e9merge est celui du zola qu\u2019on pourrait traduire par amour inconditionnel&#8230;<a href=\"https:\/\/lavoixdubumuntu.com\/index.php\/2024\/03\/01\/bumuntu-lharmonie-entre-le-coeur-et-les-energies-cosmiques-maatiques\/\">la suite<\/a><\/em><\/p><p>\u00a0<\/p>\t\t\t\t\t\t<\/div>\n\t\t\t\t<\/div>\n\t\t\t\t<\/div>\n\t\t\t\t\t<\/div>\n\t\t\t\t<\/div>\n\t\t\t\t<\/div>\n\t\t","protected":false},"excerpt":{"rendered":"<p>https:\/\/www.youtube.com\/watch?v=ih_sEhHzYGI&#038;t=6s Bienvenue sur \u00ab La voix du Bumuntu \u00bb, un espace o\u00f9 je souhaite partager avec vous mon exploration personnelle de la tradition primordiale Kongo&#8230;la suite https:\/\/www.youtube.com\/watch?v=DVgDL07785o \u00a0Lorsque l\u2019on \u00e9voque la \u00ab tradition primordiale \u00bb, il convient de pr\u00e9ciser qu\u2019il ne s\u2019agit pas de faire r\u00e9f\u00e9rence au peuple contemporain d\u2019Afrique centrale portant le m\u00eame nom. [&hellip;]<\/p>\n","protected":false},"author":1,"featured_media":0,"parent":0,"menu_order":0,"comment_status":"closed","ping_status":"closed","template":"","meta":{"footnotes":""},"yoast_head":"<!-- This site is optimized with the Yoast SEO plugin v22.0 - https:\/\/yoast.com\/wordpress\/plugins\/seo\/ -->\n<title>Vid\u00e9os - lavoixdubumuntu.com<\/title>\n<meta name=\"robots\" content=\"index, follow, max-snippet:-1, max-image-preview:large, max-video-preview:-1\" \/>\n<link rel=\"canonical\" href=\"https:\/\/lavoixdubumuntu.com\/index.php\/videos\/\" \/>\n<meta property=\"og:locale\" content=\"en_US\" \/>\n<meta property=\"og:type\" content=\"article\" \/>\n<meta property=\"og:title\" content=\"Vid\u00e9os - lavoixdubumuntu.com\" \/>\n<meta property=\"og:description\" content=\"https:\/\/www.youtube.com\/watch?v=ih_sEhHzYGI&#038;t=6s Bienvenue sur \u00ab La voix du Bumuntu \u00bb, un espace o\u00f9 je souhaite partager avec vous mon exploration personnelle de la tradition primordiale Kongo&#8230;la suite https:\/\/www.youtube.com\/watch?v=DVgDL07785o \u00a0Lorsque l\u2019on \u00e9voque la \u00ab tradition primordiale \u00bb, il convient de pr\u00e9ciser qu\u2019il ne s\u2019agit pas de faire r\u00e9f\u00e9rence au peuple contemporain d\u2019Afrique centrale portant le m\u00eame nom. [&hellip;]\" \/>\n<meta property=\"og:url\" content=\"https:\/\/lavoixdubumuntu.com\/index.php\/videos\/\" \/>\n<meta property=\"og:site_name\" content=\"lavoixdubumuntu.com\" \/>\n<meta property=\"article:modified_time\" content=\"2024-03-05T12:43:51+00:00\" \/>\n<meta name=\"twitter:card\" content=\"summary_large_image\" \/>\n<meta name=\"twitter:label1\" content=\"Est. reading time\" \/>\n\t<meta name=\"twitter:data1\" content=\"2 minutes\" \/>\n<script type=\"application\/ld+json\" class=\"yoast-schema-graph\">{\"@context\":\"https:\/\/schema.org\",\"@graph\":[{\"@type\":\"WebPage\",\"@id\":\"https:\/\/lavoixdubumuntu.com\/index.php\/videos\/\",\"url\":\"https:\/\/lavoixdubumuntu.com\/index.php\/videos\/\",\"name\":\"Vid\u00e9os - lavoixdubumuntu.com\",\"isPartOf\":{\"@id\":\"https:\/\/lavoixdubumuntu.com\/#website\"},\"datePublished\":\"2024-01-26T10:11:42+00:00\",\"dateModified\":\"2024-03-05T12:43:51+00:00\",\"breadcrumb\":{\"@id\":\"https:\/\/lavoixdubumuntu.com\/index.php\/videos\/#breadcrumb\"},\"inLanguage\":\"en-US\",\"potentialAction\":[{\"@type\":\"ReadAction\",\"target\":[\"https:\/\/lavoixdubumuntu.com\/index.php\/videos\/\"]}]},{\"@type\":\"BreadcrumbList\",\"@id\":\"https:\/\/lavoixdubumuntu.com\/index.php\/videos\/#breadcrumb\",\"itemListElement\":[{\"@type\":\"ListItem\",\"position\":1,\"name\":\"Accueil\",\"item\":\"https:\/\/lavoixdubumuntu.com\/\"},{\"@type\":\"ListItem\",\"position\":2,\"name\":\"Vid\u00e9os\"}]},{\"@type\":\"WebSite\",\"@id\":\"https:\/\/lavoixdubumuntu.com\/#website\",\"url\":\"https:\/\/lavoixdubumuntu.com\/\",\"name\":\"lavoixdubumuntu.com\",\"description\":\"\",\"publisher\":{\"@id\":\"https:\/\/lavoixdubumuntu.com\/#organization\"},\"potentialAction\":[{\"@type\":\"SearchAction\",\"target\":{\"@type\":\"EntryPoint\",\"urlTemplate\":\"https:\/\/lavoixdubumuntu.com\/?s={search_term_string}\"},\"query-input\":\"required name=search_term_string\"}],\"inLanguage\":\"en-US\"},{\"@type\":\"Organization\",\"@id\":\"https:\/\/lavoixdubumuntu.com\/#organization\",\"name\":\"lavoixdubumuntu.com\",\"url\":\"https:\/\/lavoixdubumuntu.com\/\",\"logo\":{\"@type\":\"ImageObject\",\"inLanguage\":\"en-US\",\"@id\":\"https:\/\/lavoixdubumuntu.com\/#\/schema\/logo\/image\/\",\"url\":\"https:\/\/lavoixdubumuntu.com\/wp-content\/uploads\/2023\/12\/cropped-lavoxlogo2-1.png\",\"contentUrl\":\"https:\/\/lavoixdubumuntu.com\/wp-content\/uploads\/2023\/12\/cropped-lavoxlogo2-1.png\",\"width\":2953,\"height\":1630,\"caption\":\"lavoixdubumuntu.com\"},\"image\":{\"@id\":\"https:\/\/lavoixdubumuntu.com\/#\/schema\/logo\/image\/\"}}]}<\/script>\n<!-- \/ Yoast SEO plugin. -->","yoast_head_json":{"title":"Vid\u00e9os - lavoixdubumuntu.com","robots":{"index":"index","follow":"follow","max-snippet":"max-snippet:-1","max-image-preview":"max-image-preview:large","max-video-preview":"max-video-preview:-1"},"canonical":"https:\/\/lavoixdubumuntu.com\/index.php\/videos\/","og_locale":"en_US","og_type":"article","og_title":"Vid\u00e9os - lavoixdubumuntu.com","og_description":"https:\/\/www.youtube.com\/watch?v=ih_sEhHzYGI&#038;t=6s Bienvenue sur \u00ab La voix du Bumuntu \u00bb, un espace o\u00f9 je souhaite partager avec vous mon exploration personnelle de la tradition primordiale Kongo&#8230;la suite https:\/\/www.youtube.com\/watch?v=DVgDL07785o \u00a0Lorsque l\u2019on \u00e9voque la \u00ab tradition primordiale \u00bb, il convient de pr\u00e9ciser qu\u2019il ne s\u2019agit pas de faire r\u00e9f\u00e9rence au peuple contemporain d\u2019Afrique centrale portant le m\u00eame nom. [&hellip;]","og_url":"https:\/\/lavoixdubumuntu.com\/index.php\/videos\/","og_site_name":"lavoixdubumuntu.com","article_modified_time":"2024-03-05T12:43:51+00:00","twitter_card":"summary_large_image","twitter_misc":{"Est. reading time":"2 minutes"},"schema":{"@context":"https:\/\/schema.org","@graph":[{"@type":"WebPage","@id":"https:\/\/lavoixdubumuntu.com\/index.php\/videos\/","url":"https:\/\/lavoixdubumuntu.com\/index.php\/videos\/","name":"Vid\u00e9os - lavoixdubumuntu.com","isPartOf":{"@id":"https:\/\/lavoixdubumuntu.com\/#website"},"datePublished":"2024-01-26T10:11:42+00:00","dateModified":"2024-03-05T12:43:51+00:00","breadcrumb":{"@id":"https:\/\/lavoixdubumuntu.com\/index.php\/videos\/#breadcrumb"},"inLanguage":"en-US","potentialAction":[{"@type":"ReadAction","target":["https:\/\/lavoixdubumuntu.com\/index.php\/videos\/"]}]},{"@type":"BreadcrumbList","@id":"https:\/\/lavoixdubumuntu.com\/index.php\/videos\/#breadcrumb","itemListElement":[{"@type":"ListItem","position":1,"name":"Accueil","item":"https:\/\/lavoixdubumuntu.com\/"},{"@type":"ListItem","position":2,"name":"Vid\u00e9os"}]},{"@type":"WebSite","@id":"https:\/\/lavoixdubumuntu.com\/#website","url":"https:\/\/lavoixdubumuntu.com\/","name":"lavoixdubumuntu.com","description":"","publisher":{"@id":"https:\/\/lavoixdubumuntu.com\/#organization"},"potentialAction":[{"@type":"SearchAction","target":{"@type":"EntryPoint","urlTemplate":"https:\/\/lavoixdubumuntu.com\/?s={search_term_string}"},"query-input":"required name=search_term_string"}],"inLanguage":"en-US"},{"@type":"Organization","@id":"https:\/\/lavoixdubumuntu.com\/#organization","name":"lavoixdubumuntu.com","url":"https:\/\/lavoixdubumuntu.com\/","logo":{"@type":"ImageObject","inLanguage":"en-US","@id":"https:\/\/lavoixdubumuntu.com\/#\/schema\/logo\/image\/","url":"https:\/\/lavoixdubumuntu.com\/wp-content\/uploads\/2023\/12\/cropped-lavoxlogo2-1.png","contentUrl":"https:\/\/lavoixdubumuntu.com\/wp-content\/uploads\/2023\/12\/cropped-lavoxlogo2-1.png","width":2953,"height":1630,"caption":"lavoixdubumuntu.com"},"image":{"@id":"https:\/\/lavoixdubumuntu.com\/#\/schema\/logo\/image\/"}}]}},"_links":{"self":[{"href":"https:\/\/lavoixdubumuntu.com\/index.php\/wp-json\/wp\/v2\/pages\/483"}],"collection":[{"href":"https:\/\/lavoixdubumuntu.com\/index.php\/wp-json\/wp\/v2\/pages"}],"about":[{"href":"https:\/\/lavoixdubumuntu.com\/index.php\/wp-json\/wp\/v2\/types\/page"}],"author":[{"embeddable":true,"href":"https:\/\/lavoixdubumuntu.com\/index.php\/wp-json\/wp\/v2\/users\/1"}],"replies":[{"embeddable":true,"href":"https:\/\/lavoixdubumuntu.com\/index.php\/wp-json\/wp\/v2\/comments?post=483"}],"version-history":[{"count":28,"href":"https:\/\/lavoixdubumuntu.com\/index.php\/wp-json\/wp\/v2\/pages\/483\/revisions"}],"predecessor-version":[{"id":675,"href":"https:\/\/lavoixdubumuntu.com\/index.php\/wp-json\/wp\/v2\/pages\/483\/revisions\/675"}],"wp:attachment":[{"href":"https:\/\/lavoixdubumuntu.com\/index.php\/wp-json\/wp\/v2\/media?parent=483"}],"curies":[{"name":"wp","href":"https:\/\/api.w.org\/{rel}","templated":true}]}}