{"id":351,"date":"2024-01-02T16:57:14","date_gmt":"2024-01-02T15:57:14","guid":{"rendered":"https:\/\/lavoixdubumuntu.com\/?post_type=product&#038;p=351"},"modified":"2024-01-02T17:01:26","modified_gmt":"2024-01-02T16:01:26","slug":"taru-et-le-dragon-dargent","status":"publish","type":"product","link":"https:\/\/lavoixdubumuntu.com\/index.php\/produit\/taru-et-le-dragon-dargent\/","title":{"rendered":"Taru et le dragon d&#8217;argent"},"content":{"rendered":"<p><strong>E-book, format pdf du conte &#8221; Taru et dragon d&#8217;argent &#8220;, version fran\u00e7aise.<\/strong><\/p>\n<p>Au bord du rivage du grand fleuve, sur les pleines de Katiopa , vit Taru. Un jeune homme fascin\u00e9 par la l\u00e9gende des Dragons. Entre la cour du Palais du roi et la grande for\u00eat, le lien que Taru tisse avec un compagnon peu commun r\u00e9v\u00e8le une amiti\u00e9 qui traverse le temps et les univers.<\/p>\n<p>&#8221; Les contes et l\u00e9gendes de katiopa&#8221; : un havre de storytelling du Katiopa contemporain.C\u2019est un portail dynamique o\u00f9 les contes, l\u00e9gendes et mythes ancestraux prennent vie \u00e0 l&#8217;\u00e8re num\u00e9rique.<\/p>\n<p>Les contes issus de tout le continent, fusionnent tradition et modernit\u00e9 pour cr\u00e9er des r\u00e9cits captivants. Karachimono r\u00e9invente l&#8217;h\u00e9ritage narratif de Katiopa pour une audience mondiale avide de d\u00e9couvertes et d&#8217;\u00e9merveillement.<\/p>\n","protected":false},"excerpt":{"rendered":"<p><strong>Taru et dragon d&#8217;argent : e-book, pdf<\/strong><\/p>\n<ul>\n<li>e-book : format pdf<\/li>\n<li>\u00e2ge de lecture : 3 ans et +<\/li>\n<li>nombres de pages : 47<\/li>\n<li>illustr\u00e9<\/li>\n<li>auteure : Miny Bayot<\/li>\n<li>disponible aussi dans sa version livre broch\u00e9 <a href=\"https:\/\/www.amazon.fr\/Taru-Dragon-dArgent-Miny-Bayot\/dp\/B0CKVQMR6Z\/ref=sr_1_3?__mk_fr_FR=%C3%85M%C3%85%C5%BD%C3%95%C3%91&amp;crid=2O3RWFYB9FQB8&amp;keywords=miny+bayot&amp;qid=1704210441&amp;s=books&amp;sprefix=miny+bayot%2Cstripbooks%2C72&amp;sr=1-3\">ici<\/a><\/li>\n<\/ul>\n","protected":false},"featured_media":352,"comment_status":"open","ping_status":"closed","template":"","meta":[],"product_cat":[25],"product_tag":[],"yoast_head":"<!-- This site is optimized with the Yoast SEO plugin v22.0 - https:\/\/yoast.com\/wordpress\/plugins\/seo\/ -->\n<title>Taru et le dragon d&#039;argent - lavoixdubumuntu.com<\/title>\n<meta name=\"description\" content=\"Entre la cour du Palais du roi et la grande for\u00eat, le lien que Taru tisse avec un compagnon peu commun r\u00e9v\u00e8le une amiti\u00e9 qui traverse le temps et les univers.\" \/>\n<meta name=\"robots\" content=\"index, follow, max-snippet:-1, max-image-preview:large, max-video-preview:-1\" \/>\n<link rel=\"canonical\" href=\"https:\/\/lavoixdubumuntu.com\/index.php\/produit\/taru-et-le-dragon-dargent\/\" \/>\n<meta property=\"og:locale\" content=\"en_US\" \/>\n<meta property=\"og:type\" content=\"article\" \/>\n<meta property=\"og:title\" content=\"Taru et le dragon d&#039;argent - lavoixdubumuntu.com\" \/>\n<meta property=\"og:description\" content=\"Entre la cour du Palais du roi et la grande for\u00eat, le lien que Taru tisse avec un compagnon peu commun r\u00e9v\u00e8le une amiti\u00e9 qui traverse le temps et les univers.\" \/>\n<meta property=\"og:url\" content=\"https:\/\/lavoixdubumuntu.com\/index.php\/produit\/taru-et-le-dragon-dargent\/\" \/>\n<meta property=\"og:site_name\" content=\"lavoixdubumuntu.com\" \/>\n<meta property=\"article:modified_time\" content=\"2024-01-02T16:01:26+00:00\" \/>\n<meta name=\"twitter:card\" content=\"summary_large_image\" \/>\n<meta name=\"twitter:image\" content=\"https:\/\/lavoixdubumuntu.com\/wp-content\/uploads\/2024\/01\/TARU-ET-LE-DRAGON-DARGENT-version-francaise-pdf.jpg\" \/>\n<meta name=\"twitter:label1\" content=\"Est. reading time\" \/>\n\t<meta name=\"twitter:data1\" content=\"1 minute\" \/>\n<script type=\"application\/ld+json\" class=\"yoast-schema-graph\">{\"@context\":\"https:\/\/schema.org\",\"@graph\":[{\"@type\":\"WebPage\",\"@id\":\"https:\/\/lavoixdubumuntu.com\/index.php\/produit\/taru-et-le-dragon-dargent\/\",\"url\":\"https:\/\/lavoixdubumuntu.com\/index.php\/produit\/taru-et-le-dragon-dargent\/\",\"name\":\"Taru et le dragon d'argent - lavoixdubumuntu.com\",\"isPartOf\":{\"@id\":\"https:\/\/lavoixdubumuntu.com\/#website\"},\"datePublished\":\"2024-01-02T15:57:14+00:00\",\"dateModified\":\"2024-01-02T16:01:26+00:00\",\"description\":\"Entre la cour du Palais du roi et la grande for\u00eat, le lien que Taru tisse avec un compagnon peu commun r\u00e9v\u00e8le une amiti\u00e9 qui traverse le temps et les univers.\",\"breadcrumb\":{\"@id\":\"https:\/\/lavoixdubumuntu.com\/index.php\/produit\/taru-et-le-dragon-dargent\/#breadcrumb\"},\"inLanguage\":\"en-US\",\"potentialAction\":[{\"@type\":\"ReadAction\",\"target\":[\"https:\/\/lavoixdubumuntu.com\/index.php\/produit\/taru-et-le-dragon-dargent\/\"]}]},{\"@type\":\"BreadcrumbList\",\"@id\":\"https:\/\/lavoixdubumuntu.com\/index.php\/produit\/taru-et-le-dragon-dargent\/#breadcrumb\",\"itemListElement\":[{\"@type\":\"ListItem\",\"position\":1,\"name\":\"Accueil\",\"item\":\"https:\/\/lavoixdubumuntu.com\/\"},{\"@type\":\"ListItem\",\"position\":2,\"name\":\"Shop\",\"item\":\"https:\/\/lavoixdubumuntu.com\/index.php\/shop\/\"},{\"@type\":\"ListItem\",\"position\":3,\"name\":\"Taru et le dragon d&rsquo;argent\"}]},{\"@type\":\"WebSite\",\"@id\":\"https:\/\/lavoixdubumuntu.com\/#website\",\"url\":\"https:\/\/lavoixdubumuntu.com\/\",\"name\":\"lavoixdubumuntu.com\",\"description\":\"\",\"publisher\":{\"@id\":\"https:\/\/lavoixdubumuntu.com\/#organization\"},\"potentialAction\":[{\"@type\":\"SearchAction\",\"target\":{\"@type\":\"EntryPoint\",\"urlTemplate\":\"https:\/\/lavoixdubumuntu.com\/?s={search_term_string}\"},\"query-input\":\"required name=search_term_string\"}],\"inLanguage\":\"en-US\"},{\"@type\":\"Organization\",\"@id\":\"https:\/\/lavoixdubumuntu.com\/#organization\",\"name\":\"lavoixdubumuntu.com\",\"url\":\"https:\/\/lavoixdubumuntu.com\/\",\"logo\":{\"@type\":\"ImageObject\",\"inLanguage\":\"en-US\",\"@id\":\"https:\/\/lavoixdubumuntu.com\/#\/schema\/logo\/image\/\",\"url\":\"https:\/\/lavoixdubumuntu.com\/wp-content\/uploads\/2023\/12\/cropped-lavoxlogo2-1.png\",\"contentUrl\":\"https:\/\/lavoixdubumuntu.com\/wp-content\/uploads\/2023\/12\/cropped-lavoxlogo2-1.png\",\"width\":2953,\"height\":1630,\"caption\":\"lavoixdubumuntu.com\"},\"image\":{\"@id\":\"https:\/\/lavoixdubumuntu.com\/#\/schema\/logo\/image\/\"}}]}<\/script>\n<!-- \/ Yoast SEO plugin. -->","yoast_head_json":{"title":"Taru et le dragon d'argent - lavoixdubumuntu.com","description":"Entre la cour du Palais du roi et la grande for\u00eat, le lien que Taru tisse avec un compagnon peu commun r\u00e9v\u00e8le une amiti\u00e9 qui traverse le temps et les univers.","robots":{"index":"index","follow":"follow","max-snippet":"max-snippet:-1","max-image-preview":"max-image-preview:large","max-video-preview":"max-video-preview:-1"},"canonical":"https:\/\/lavoixdubumuntu.com\/index.php\/produit\/taru-et-le-dragon-dargent\/","og_locale":"en_US","og_type":"article","og_title":"Taru et le dragon d'argent - lavoixdubumuntu.com","og_description":"Entre la cour du Palais du roi et la grande for\u00eat, le lien que Taru tisse avec un compagnon peu commun r\u00e9v\u00e8le une amiti\u00e9 qui traverse le temps et les univers.","og_url":"https:\/\/lavoixdubumuntu.com\/index.php\/produit\/taru-et-le-dragon-dargent\/","og_site_name":"lavoixdubumuntu.com","article_modified_time":"2024-01-02T16:01:26+00:00","twitter_card":"summary_large_image","twitter_image":"https:\/\/lavoixdubumuntu.com\/wp-content\/uploads\/2024\/01\/TARU-ET-LE-DRAGON-DARGENT-version-francaise-pdf.jpg","twitter_misc":{"Est. reading time":"1 minute"},"schema":{"@context":"https:\/\/schema.org","@graph":[{"@type":"WebPage","@id":"https:\/\/lavoixdubumuntu.com\/index.php\/produit\/taru-et-le-dragon-dargent\/","url":"https:\/\/lavoixdubumuntu.com\/index.php\/produit\/taru-et-le-dragon-dargent\/","name":"Taru et le dragon d'argent - lavoixdubumuntu.com","isPartOf":{"@id":"https:\/\/lavoixdubumuntu.com\/#website"},"datePublished":"2024-01-02T15:57:14+00:00","dateModified":"2024-01-02T16:01:26+00:00","description":"Entre la cour du Palais du roi et la grande for\u00eat, le lien que Taru tisse avec un compagnon peu commun r\u00e9v\u00e8le une amiti\u00e9 qui traverse le temps et les univers.","breadcrumb":{"@id":"https:\/\/lavoixdubumuntu.com\/index.php\/produit\/taru-et-le-dragon-dargent\/#breadcrumb"},"inLanguage":"en-US","potentialAction":[{"@type":"ReadAction","target":["https:\/\/lavoixdubumuntu.com\/index.php\/produit\/taru-et-le-dragon-dargent\/"]}]},{"@type":"BreadcrumbList","@id":"https:\/\/lavoixdubumuntu.com\/index.php\/produit\/taru-et-le-dragon-dargent\/#breadcrumb","itemListElement":[{"@type":"ListItem","position":1,"name":"Accueil","item":"https:\/\/lavoixdubumuntu.com\/"},{"@type":"ListItem","position":2,"name":"Shop","item":"https:\/\/lavoixdubumuntu.com\/index.php\/shop\/"},{"@type":"ListItem","position":3,"name":"Taru et le dragon d&rsquo;argent"}]},{"@type":"WebSite","@id":"https:\/\/lavoixdubumuntu.com\/#website","url":"https:\/\/lavoixdubumuntu.com\/","name":"lavoixdubumuntu.com","description":"","publisher":{"@id":"https:\/\/lavoixdubumuntu.com\/#organization"},"potentialAction":[{"@type":"SearchAction","target":{"@type":"EntryPoint","urlTemplate":"https:\/\/lavoixdubumuntu.com\/?s={search_term_string}"},"query-input":"required name=search_term_string"}],"inLanguage":"en-US"},{"@type":"Organization","@id":"https:\/\/lavoixdubumuntu.com\/#organization","name":"lavoixdubumuntu.com","url":"https:\/\/lavoixdubumuntu.com\/","logo":{"@type":"ImageObject","inLanguage":"en-US","@id":"https:\/\/lavoixdubumuntu.com\/#\/schema\/logo\/image\/","url":"https:\/\/lavoixdubumuntu.com\/wp-content\/uploads\/2023\/12\/cropped-lavoxlogo2-1.png","contentUrl":"https:\/\/lavoixdubumuntu.com\/wp-content\/uploads\/2023\/12\/cropped-lavoxlogo2-1.png","width":2953,"height":1630,"caption":"lavoixdubumuntu.com"},"image":{"@id":"https:\/\/lavoixdubumuntu.com\/#\/schema\/logo\/image\/"}}]}},"_links":{"self":[{"href":"https:\/\/lavoixdubumuntu.com\/index.php\/wp-json\/wp\/v2\/product\/351"}],"collection":[{"href":"https:\/\/lavoixdubumuntu.com\/index.php\/wp-json\/wp\/v2\/product"}],"about":[{"href":"https:\/\/lavoixdubumuntu.com\/index.php\/wp-json\/wp\/v2\/types\/product"}],"replies":[{"embeddable":true,"href":"https:\/\/lavoixdubumuntu.com\/index.php\/wp-json\/wp\/v2\/comments?post=351"}],"wp:featuredmedia":[{"embeddable":true,"href":"https:\/\/lavoixdubumuntu.com\/index.php\/wp-json\/wp\/v2\/media\/352"}],"wp:attachment":[{"href":"https:\/\/lavoixdubumuntu.com\/index.php\/wp-json\/wp\/v2\/media?parent=351"}],"wp:term":[{"taxonomy":"product_cat","embeddable":true,"href":"https:\/\/lavoixdubumuntu.com\/index.php\/wp-json\/wp\/v2\/product_cat?post=351"},{"taxonomy":"product_tag","embeddable":true,"href":"https:\/\/lavoixdubumuntu.com\/index.php\/wp-json\/wp\/v2\/product_tag?post=351"}],"curies":[{"name":"wp","href":"https:\/\/api.w.org\/{rel}","templated":true}]}}